{"id":172,"date":"2020-08-21T15:57:21","date_gmt":"2020-08-21T13:57:21","guid":{"rendered":"https:\/\/www.associationpourlaqualitedeleau.com\/?page_id=172"},"modified":"2020-11-20T09:44:58","modified_gmt":"2020-11-20T08:44:58","slug":"plaine-du-saulce","status":"publish","type":"page","link":"https:\/\/www.associationpourlaqualitedeleau.com\/index.php\/plaine-du-saulce\/","title":{"rendered":"Plaine du Saulce"},"content":{"rendered":"<p>[et_pb_section fb_built=\u00a0\u00bb1&Prime; admin_label=\u00a0\u00bbHeader\u00a0\u00bb _builder_version=\u00a0\u00bb3.22&Prime; use_background_color_gradient=\u00a0\u00bbon\u00a0\u00bb background_color_gradient_start=\u00a0\u00bb#ffba61&Prime; background_color_gradient_end=\u00a0\u00bb#ffe970&Prime; background_color_gradient_direction=\u00a0\u00bb150deg\u00a0\u00bb background_image=\u00a0\u00bbhttps:\/\/www.associationpourlaqualitedeleau.com\/wp-content\/uploads\/2020\/08\/hosting-company-01.png\u00a0\u00bb background_size=\u00a0\u00bbcontain\u00a0\u00bb background_position=\u00a0\u00bbbottom_center\u00a0\u00bb custom_padding=\u00a0\u00bb100px||10vw||false|false\u00a0\u00bb animation_style=\u00a0\u00bbslide\u00a0\u00bb animation_direction=\u00a0\u00bbtop\u00a0\u00bb animation_intensity_slide=\u00a0\u00bb2%\u00a0\u00bb animation_starting_opacity=\u00a0\u00bb100%\u00a0\u00bb][et_pb_row column_structure=\u00a0\u00bb1_2,1_2&Prime; _builder_version=\u00a0\u00bb3.25&Prime;][et_pb_column type=\u00a0\u00bb1_2&Prime; _builder_version=\u00a0\u00bb3.25&Prime; custom_padding=\u00a0\u00bb60px|||\u00a0\u00bb custom_padding_tablet=\u00a0\u00bb0px|||\u00a0\u00bb custom_padding_phone=\u00a0\u00bb\u00a0\u00bb custom_padding_last_edited=\u00a0\u00bbon|tablet\u00a0\u00bb padding_tablet=\u00a0\u00bb0px|||\u00a0\u00bb padding_last_edited=\u00a0\u00bbon|tablet\u00a0\u00bb custom_padding__hover=\u00a0\u00bb|||\u00a0\u00bb][et_pb_text _builder_version=\u00a0\u00bb4.5.6&Prime; text_font=\u00a0\u00bb||||||||\u00a0\u00bb text_font_size=\u00a0\u00bb16px\u00a0\u00bb text_line_height=\u00a0\u00bb2em\u00a0\u00bb header_font=\u00a0\u00bbRubik|500|||||||\u00a0\u00bb header_font_size=\u00a0\u00bb52px\u00a0\u00bb header_line_height=\u00a0\u00bb1.2em\u00a0\u00bb background_layout=\u00a0\u00bbdark\u00a0\u00bb header_font_size_tablet=\u00a0\u00bb42px\u00a0\u00bb header_font_size_phone=\u00a0\u00bb32px\u00a0\u00bb header_font_size_last_edited=\u00a0\u00bbon|desktop\u00a0\u00bb text_text_shadow_style=\u00a0\u00bbpreset1&Prime; text_text_shadow_blur_strength=\u00a0\u00bb2em\u00a0\u00bb]<\/p>\n<h1>Plaine du Saulce<\/h1>\n<p>[\/et_pb_text][et_pb_text _builder_version=\u00a0\u00bb4.5.6&Prime; text_font=\u00a0\u00bb||||||||\u00a0\u00bb text_text_color=\u00a0\u00bb#000000&Prime; text_font_size=\u00a0\u00bb16px\u00a0\u00bb text_line_height=\u00a0\u00bb2em\u00a0\u00bb header_font=\u00a0\u00bbRubik|500|||||||\u00a0\u00bb header_font_size=\u00a0\u00bb52px\u00a0\u00bb header_line_height=\u00a0\u00bb1.2em\u00a0\u00bb background_layout=\u00a0\u00bbdark\u00a0\u00bb header_font_size_tablet=\u00a0\u00bb42px\u00a0\u00bb header_font_size_phone=\u00a0\u00bb32px\u00a0\u00bb header_font_size_last_edited=\u00a0\u00bbon|desktop\u00a0\u00bb]<\/p>\n<p><strong>Caract\u00e9ristiques du BAC<\/strong><br \/> Surface : 8600 ha<br \/> Surface Agricole Utile : 7014 ha<br \/> Probl\u00e9matique : nitrates<br \/> Particularit\u00e9 : captage Grenelle<br \/> D\u00e9but des actions : 1998<\/p>\n<p>&nbsp;<\/p>\n<p>[\/et_pb_text][\/et_pb_column][et_pb_column type=\u00a0\u00bb1_2&Prime; _builder_version=\u00a0\u00bb3.25&Prime; custom_padding=\u00a0\u00bb|||\u00a0\u00bb custom_padding__hover=\u00a0\u00bb|||\u00a0\u00bb][et_pb_image src=\u00a0\u00bbhttps:\/\/www.associationpourlaqualitedeleau.com\/wp-content\/uploads\/2020\/10\/captages-Plaine-du-Saulce.jpg\u00a0\u00bb alt=\u00a0\u00bbcaptages Plaine du Saulce\u00a0\u00bb title_text=\u00a0\u00bbcaptages Plaine du Saulce\u00a0\u00bb align_tablet=\u00a0\u00bbcenter\u00a0\u00bb align_phone=\u00a0\u00bb\u00a0\u00bb align_last_edited=\u00a0\u00bbon|desktop\u00a0\u00bb _builder_version=\u00a0\u00bb4.6.6&Prime; animation_style=\u00a0\u00bbzoom\u00a0\u00bb animation_intensity_zoom=\u00a0\u00bb10%\u00a0\u00bb][\/et_pb_image][\/et_pb_column][\/et_pb_row][\/et_pb_section][et_pb_section fb_built=\u00a0\u00bb1&Prime; admin_label=\u00a0\u00bbPricing\u00a0\u00bb _builder_version=\u00a0\u00bb3.22&Prime; background_color=\u00a0\u00bb#eef9ff\u00a0\u00bb use_background_color_gradient=\u00a0\u00bbon\u00a0\u00bb background_color_gradient_start=\u00a0\u00bb#ffffff\u00a0\u00bb background_color_gradient_end=\u00a0\u00bb#eef9ff\u00a0\u00bb background_image=\u00a0\u00bbhttps:\/\/www.associationpourlaqualitedeleau.com\/wp-content\/uploads\/2020\/08\/hosting-company-01.png\u00a0\u00bb background_size=\u00a0\u00bbcontain\u00a0\u00bb background_position=\u00a0\u00bbbottom_center\u00a0\u00bb custom_padding=\u00a0\u00bb||4vw||false|false\u00a0\u00bb][et_pb_row column_structure=\u00a0\u00bb1_2,1_2&Prime; use_custom_gutter=\u00a0\u00bbon\u00a0\u00bb gutter_width=\u00a0\u00bb1&Prime; _builder_version=\u00a0\u00bb3.25&Prime; max_width=\u00a0\u00bb1280px\u00a0\u00bb custom_margin=\u00a0\u00bb30px|||\u00a0\u00bb use_custom_width=\u00a0\u00bbon\u00a0\u00bb custom_width_px=\u00a0\u00bb1280px\u00a0\u00bb][et_pb_column type=\u00a0\u00bb1_2&Prime; _builder_version=\u00a0\u00bb3.25&Prime; custom_padding=\u00a0\u00bb|||\u00a0\u00bb custom_padding__hover=\u00a0\u00bb|||\u00a0\u00bb][et_pb_text _builder_version=\u00a0\u00bb4.5.6&Prime; _module_preset=\u00a0\u00bbdefault\u00a0\u00bb]<\/p>\n<div>\n<h3>D\u00e9limitation du bassin de la plaine du Saulce<\/h3>\n<\/div>\n<p>[\/et_pb_text][et_pb_image src=\u00a0\u00bbhttps:\/\/www.associationpourlaqualitedeleau.com\/wp-content\/uploads\/2020\/08\/Delimitation-du-bassin-de-la-plaine-du-Saulce.jpg\u00a0\u00bb alt=\u00a0\u00bbD\u00e9limitation du bassin de la plaine du Saulce\u00a0\u00bb title_text=\u00a0\u00bbD\u00e9limitation du bassin de la plaine du Saulce\u00a0\u00bb _builder_version=\u00a0\u00bb4.5.6&Prime; _module_preset=\u00a0\u00bbdefault\u00a0\u00bb][\/et_pb_image][\/et_pb_column][et_pb_column type=\u00a0\u00bb1_2&Prime; _builder_version=\u00a0\u00bb3.25&Prime; custom_padding=\u00a0\u00bb|||\u00a0\u00bb custom_padding__hover=\u00a0\u00bb|||\u00a0\u00bb][et_pb_text _builder_version=\u00a0\u00bb4.5.6&Prime; _module_preset=\u00a0\u00bbdefault\u00a0\u00bb]<\/p>\n<h3>Vuln\u00e9rabilit\u00e9 du territoire<\/h3>\n<p>[\/et_pb_text][et_pb_image src=\u00a0\u00bbhttps:\/\/www.associationpourlaqualitedeleau.com\/wp-content\/uploads\/2020\/08\/Vulnerabilite_intrinseque_lessivage_des_nitrates_BAC_PdS_v.20100610-scaled.jpg\u00a0\u00bb title_text=\u00a0\u00bbVulnerabilite_intrinseque_lessivage_des_nitrates_BAC_PdS_v.20100610&Prime; _builder_version=\u00a0\u00bb4.5.6&Prime; _module_preset=\u00a0\u00bbdefault\u00a0\u00bb][\/et_pb_image][et_pb_text _builder_version=\u00a0\u00bb4.5.6&Prime; _module_preset=\u00a0\u00bbdefault\u00a0\u00bb]<\/p>\n<p>Carte de vuln\u00e9rabilit\u00e9 intrins\u00e8que au lessivage des nitrates du bassin de la plaine du Saulce (89)<\/p>\n<p>[\/et_pb_text][\/et_pb_column][\/et_pb_row][\/et_pb_section][et_pb_section fb_built=\u00a0\u00bb1&Prime; next_background_color=\u00a0\u00bb#ffffff\u00a0\u00bb admin_label=\u00a0\u00bbSupport\u00a0\u00bb _builder_version=\u00a0\u00bb3.22&Prime; use_background_color_gradient=\u00a0\u00bbon\u00a0\u00bb background_color_gradient_start=\u00a0\u00bb#000a0c\u00a0\u00bb background_color_gradient_end=\u00a0\u00bb#0752fe\u00a0\u00bb background_color_gradient_direction=\u00a0\u00bb237deg\u00a0\u00bb background_image=\u00a0\u00bbhttps:\/\/www.associationpourlaqualitedeleau.com\/wp-content\/uploads\/2020\/08\/hosting-company-02.png\u00a0\u00bb background_size=\u00a0\u00bbcontain\u00a0\u00bb background_position=\u00a0\u00bbtop_center\u00a0\u00bb custom_padding=\u00a0\u00bb15vw||8vw||false|false\u00a0\u00bb bottom_divider_style=\u00a0\u00bbwave2&Prime; bottom_divider_repeat=\u00a0\u00bb1.5x\u00a0\u00bb][\/et_pb_section]<\/p>\n","protected":false},"excerpt":{"rendered":"<p>Plaine du SaulceCaract\u00e9ristiques du BAC Surface : 8600 ha Surface Agricole Utile : 7014 ha Probl\u00e9matique : nitrates Particularit\u00e9 : captage Grenelle D\u00e9but des actions : 1998 &nbsp; D\u00e9limitation du bassin de la plaine du Saulce Vuln\u00e9rabilit\u00e9 du territoireCarte de vuln\u00e9rabilit\u00e9 intrins\u00e8que au lessivage des nitrates du bassin de la plaine du Saulce (89)<\/p>\n","protected":false},"author":1,"featured_media":0,"parent":0,"menu_order":0,"comment_status":"closed","ping_status":"closed","template":"","meta":{"_et_pb_use_builder":"on","_et_pb_old_content":"","_et_gb_content_width":"","footnotes":""},"class_list":["post-172","page","type-page","status-publish","hentry"],"jetpack_sharing_enabled":true,"_links":{"self":[{"href":"https:\/\/www.associationpourlaqualitedeleau.com\/index.php\/wp-json\/wp\/v2\/pages\/172","targetHints":{"allow":["GET"]}}],"collection":[{"href":"https:\/\/www.associationpourlaqualitedeleau.com\/index.php\/wp-json\/wp\/v2\/pages"}],"about":[{"href":"https:\/\/www.associationpourlaqualitedeleau.com\/index.php\/wp-json\/wp\/v2\/types\/page"}],"author":[{"embeddable":true,"href":"https:\/\/www.associationpourlaqualitedeleau.com\/index.php\/wp-json\/wp\/v2\/users\/1"}],"replies":[{"embeddable":true,"href":"https:\/\/www.associationpourlaqualitedeleau.com\/index.php\/wp-json\/wp\/v2\/comments?post=172"}],"version-history":[{"count":7,"href":"https:\/\/www.associationpourlaqualitedeleau.com\/index.php\/wp-json\/wp\/v2\/pages\/172\/revisions"}],"predecessor-version":[{"id":963,"href":"https:\/\/www.associationpourlaqualitedeleau.com\/index.php\/wp-json\/wp\/v2\/pages\/172\/revisions\/963"}],"wp:attachment":[{"href":"https:\/\/www.associationpourlaqualitedeleau.com\/index.php\/wp-json\/wp\/v2\/media?parent=172"}],"curies":[{"name":"wp","href":"https:\/\/api.w.org\/{rel}","templated":true}]}}